{"id":4980,"date":"2016-10-06T09:53:36","date_gmt":"2016-10-06T07:53:36","guid":{"rendered":"http:\/\/hotelpaka.com\/?page_id=4980"},"modified":"2023-03-16T15:24:14","modified_gmt":"2023-03-16T14:24:14","slug":"slascicarna-3","status":"publish","type":"page","link":"https:\/\/hotelpaka.com\/en\/slascicarna-3\/","title":{"rendered":"Sla\u0161\u010di\u010darna en"},"content":{"rendered":"","protected":false},"excerpt":{"rendered":"","protected":false},"author":1,"featured_media":0,"parent":0,"menu_order":0,"comment_status":"closed","ping_status":"closed","template":"","meta":{"footnotes":""},"class_list":["post-4980","page","type-page","status-publish","hentry"],"_links":{"self":[{"href":"https:\/\/hotelpaka.com\/en\/wp-json\/wp\/v2\/pages\/4980","targetHints":{"allow":["GET"]}}],"collection":[{"href":"https:\/\/hotelpaka.com\/en\/wp-json\/wp\/v2\/pages"}],"about":[{"href":"https:\/\/hotelpaka.com\/en\/wp-json\/wp\/v2\/types\/page"}],"author":[{"embeddable":true,"href":"https:\/\/hotelpaka.com\/en\/wp-json\/wp\/v2\/users\/1"}],"replies":[{"embeddable":true,"href":"https:\/\/hotelpaka.com\/en\/wp-json\/wp\/v2\/comments?post=4980"}],"version-history":[{"count":7,"href":"https:\/\/hotelpaka.com\/en\/wp-json\/wp\/v2\/pages\/4980\/revisions"}],"predecessor-version":[{"id":11725,"href":"https:\/\/hotelpaka.com\/en\/wp-json\/wp\/v2\/pages\/4980\/revisions\/11725"}],"wp:attachment":[{"href":"https:\/\/hotelpaka.com\/en\/wp-json\/wp\/v2\/media?parent=4980"}],"curies":[{"name":"wp","href":"https:\/\/api.w.org\/{rel}","templated":true}]}}